{"id":597,"date":"2020-09-09T09:47:26","date_gmt":"2020-09-09T09:47:26","guid":{"rendered":"https:\/\/remontylubliniec.pl\/?page_id=597"},"modified":"2024-02-12T19:25:51","modified_gmt":"2024-02-12T19:25:51","slug":"home","status":"publish","type":"page","link":"https:\/\/remontylubliniec.pl\/","title":{"rendered":"Strona g\u0142\u00f3wna"},"content":{"rendered":"\n<div class=\"wp-block-uagb-container uagb-block-7549e929 alignfull uagb-is-root-container\"><div class=\"uagb-container-inner-blocks-wrap\">\n<div class=\"wp-block-uagb-container uagb-block-3e9b056f\">\n<div class=\"wp-block-uagb-container uagb-block-ca610dfd alignfull uagb-is-root-container\"><div class=\"uagb-container-inner-blocks-wrap\">\n<div class=\"wp-block-uagb-container uagb-block-51c98234\">\n<div class=\"wp-block-uagb-advanced-heading uagb-block-70c846a8\"><h4 class=\"uagb-heading-text\">Grzegorz Kniejski<\/h4><\/div>\n\n\n\n<div class=\"wp-block-uagb-info-box uagb-block-97ddf680 uagb-infobox__content-wrap  uagb-infobox-icon-above-title uagb-infobox-image-valign-top\"><div class=\"uagb-ifb-content\"><div class=\"uagb-ifb-title-wrap\"><h1 class=\"uagb-ifb-title\">Us\u0142ugi remontowe<\/h1><\/div><p class=\"uagb-ifb-desc\">Moi Klienci m\u00f3wi\u0105, \u017ce pracuj\u0119 bez wytchnienia, a moje wyko\u0144czenie zawsze jest perfekcyjne. Szybko i precyzyjnie wykonuj\u0119 ka\u017cd\u0105 prac\u0119 &#8211; szanuj\u0119 Tw\u00f3j czas i pieni\u0105dze. Zawsze staram si\u0119 sprosta\u0107 wymaganiom Klient\u00f3w i dostarczy\u0107 im najlepsze rozwi\u0105zania. Zaufaj mi i przekonaj si\u0119, \u017ce nie ma lepszego fachowca remontowego w okolicy!<\/p><div class=\"uagb-ifb-button-wrapper wp-block-button\"><a href=\"\/\/remontylubliniec.pl\/?page_id=598\" class=\"uagb-infobox-cta-link wp-block-button__link\" target=\"_self\" rel=\"noopener noreferrer\" onclick=\"return true;\" alt=\"\"><span class=\"uagb-inline-editing\">Zobacz moje prace<\/span><\/a><\/div><\/div><\/div>\n\n\n\n<p><\/p>\n<\/div>\n<\/div><\/div>\n\n\n\n<div class=\"wp-block-uagb-container uagb-block-3f621701\">\n<div class=\"wp-block-uagb-advanced-heading uagb-block-a3a2e645\"><h5 class=\"uagb-heading-text\">Zadzwo\u0144 teraz<\/h5><\/div>\n\n\n\n<div class=\"wp-block-uagb-advanced-heading uagb-block-d33dc122\"><h3 class=\"uagb-heading-text\"><a href=\"tel: +48667059334\">+48 667 059 334<\/a><\/h3><\/div>\n<\/div>\n<\/div>\n<\/div><\/div>\n\n\n\n<div class=\"wp-block-uagb-container uagb-block-db4a8e75 alignfull uagb-is-root-container\"><div class=\"uagb-container-inner-blocks-wrap\">\n<div class=\"wp-block-uagb-container uagb-block-c69becd2\">\n<div class=\"wp-block-uagb-advanced-heading uagb-block-1d3d84b4\"><h2 class=\"uagb-heading-text\">O mnie<\/h2><\/div>\n\n\n\n<div class=\"wp-block-uagb-advanced-heading uagb-block-2912d54f\"><h4 class=\"uagb-heading-text\">Remonty to moja pasja<\/h4><p class=\"uagb-desc-text\">Od ponad 15 lat zajmuj\u0119 si\u0119 remontami i wyko\u0144czeniami wn\u0119trz, co sprawia, \u017ce mam to we krwi. Wsp\u00f3\u0142pracuj\u0119 wieloma z fachowcami od prac wyko\u0144czeniowych, hydrauliki oraz budownictwa stanu surowego, kt\u00f3rzy s\u0105 gotowi wesprze\u0107 mnie w ka\u017cdym momencie. Wykona\u0142em ju\u017c dziesi\u0105tki projekt\u00f3w, a ka\u017cde zlecenie traktuj\u0119 z pe\u0142nym zaanga\u017cowaniem i dba\u0142o\u015bci\u0105 o detale. Moi Klienci s\u0105 zachwyceni efektem mojej pracy, a ja jestem dumny z tego, co robi\u0119. Je\u015bli szukasz specjalisty, kt\u00f3ry zrealizuje Twoje marzenia, dobrze trafi\u0142e\u015b \u2013 jestem do Twojej dyspozycji.<br><\/p><\/div>\n<\/div>\n\n\n\n<figure class=\"wp-block-gallery has-nested-images columns-default is-cropped wp-block-gallery-1 is-layout-flex wp-block-gallery-is-layout-flex\">\n<figure class=\"wp-block-image size-large has-custom-border\"><img loading=\"lazy\" decoding=\"async\" width=\"1024\" height=\"819\" data-id=\"649\" src=\"https:\/\/remontylubliniec.pl\/wp-content\/uploads\/2023\/04\/1-2-1024x819.png\" alt=\"\" class=\"wp-image-649\" style=\"border-radius:0px\" srcset=\"https:\/\/remontylubliniec.pl\/wp-content\/uploads\/2023\/04\/1-2-1024x819.png 1024w, https:\/\/remontylubliniec.pl\/wp-content\/uploads\/2023\/04\/1-2-300x240.png 300w, https:\/\/remontylubliniec.pl\/wp-content\/uploads\/2023\/04\/1-2-768x614.png 768w, https:\/\/remontylubliniec.pl\/wp-content\/uploads\/2023\/04\/1-2-1536x1229.png 1536w, https:\/\/remontylubliniec.pl\/wp-content\/uploads\/2023\/04\/1-2.png 2000w\" sizes=\"auto, (max-width: 1024px) 100vw, 1024px\" \/><\/figure>\n\n\n\n<figure class=\"wp-block-image size-large has-custom-border\"><img loading=\"lazy\" decoding=\"async\" width=\"1024\" height=\"819\" data-id=\"652\" src=\"https:\/\/remontylubliniec.pl\/wp-content\/uploads\/2023\/04\/5-2-1024x819.png\" alt=\"\" class=\"wp-image-652\" style=\"border-radius:2px\" srcset=\"https:\/\/remontylubliniec.pl\/wp-content\/uploads\/2023\/04\/5-2-1024x819.png 1024w, https:\/\/remontylubliniec.pl\/wp-content\/uploads\/2023\/04\/5-2-300x240.png 300w, https:\/\/remontylubliniec.pl\/wp-content\/uploads\/2023\/04\/5-2-768x614.png 768w, https:\/\/remontylubliniec.pl\/wp-content\/uploads\/2023\/04\/5-2-1536x1229.png 1536w, https:\/\/remontylubliniec.pl\/wp-content\/uploads\/2023\/04\/5-2.png 2000w\" sizes=\"auto, (max-width: 1024px) 100vw, 1024px\" \/><\/figure>\n\n\n\n<figure class=\"wp-block-image size-large\"><img loading=\"lazy\" decoding=\"async\" width=\"1024\" height=\"819\" data-id=\"650\" src=\"https:\/\/remontylubliniec.pl\/wp-content\/uploads\/2023\/04\/6-2-1024x819.png\" alt=\"\" class=\"wp-image-650\" srcset=\"https:\/\/remontylubliniec.pl\/wp-content\/uploads\/2023\/04\/6-2-1024x819.png 1024w, https:\/\/remontylubliniec.pl\/wp-content\/uploads\/2023\/04\/6-2-300x240.png 300w, https:\/\/remontylubliniec.pl\/wp-content\/uploads\/2023\/04\/6-2-768x614.png 768w, https:\/\/remontylubliniec.pl\/wp-content\/uploads\/2023\/04\/6-2-1536x1229.png 1536w, https:\/\/remontylubliniec.pl\/wp-content\/uploads\/2023\/04\/6-2.png 2000w\" sizes=\"auto, (max-width: 1024px) 100vw, 1024px\" \/><\/figure>\n\n\n\n<figure class=\"wp-block-image size-large has-custom-border\"><img loading=\"lazy\" decoding=\"async\" width=\"1024\" height=\"819\" data-id=\"651\" src=\"https:\/\/remontylubliniec.pl\/wp-content\/uploads\/2023\/04\/8-1-1024x819.png\" alt=\"\" class=\"wp-image-651\" style=\"border-radius:0px\" srcset=\"https:\/\/remontylubliniec.pl\/wp-content\/uploads\/2023\/04\/8-1-1024x819.png 1024w, https:\/\/remontylubliniec.pl\/wp-content\/uploads\/2023\/04\/8-1-300x240.png 300w, https:\/\/remontylubliniec.pl\/wp-content\/uploads\/2023\/04\/8-1-768x614.png 768w, https:\/\/remontylubliniec.pl\/wp-content\/uploads\/2023\/04\/8-1-1536x1229.png 1536w, https:\/\/remontylubliniec.pl\/wp-content\/uploads\/2023\/04\/8-1.png 2000w\" sizes=\"auto, (max-width: 1024px) 100vw, 1024px\" \/><\/figure>\n<\/figure>\n<\/div><\/div>\n\n\n\n<div class=\"wp-block-uagb-container uagb-block-e1823782 alignfull uagb-is-root-container\"><div class=\"uagb-container-inner-blocks-wrap\">\n<div class=\"wp-block-uagb-advanced-heading uagb-block-3bdc913b\"><h2 class=\"uagb-heading-text\">Us\u0142ugi<\/h2><p class=\"uagb-desc-text\">Oferuj\u0119 us\u0142ugi kompleksowego remontu i wyko\u0144czenia wn\u0119trz, kt\u00f3re wykonuj\u0119 z pasj\u0105 i najwy\u017csz\u0105 staranno\u015bci\u0105. Skontaktuj si\u0119 ze mn\u0105, a przedstawi\u0119 Ci swoj\u0105 ofert\u0119 i doradz\u0119 jak najlepiej zadba\u0107 o Twoje pomieszczenia.<\/p><\/div>\n\n\n\n<div class=\"wp-block-uagb-container uagb-block-13fee98d\">\n<div class=\"wp-block-uagb-container uagb-block-983c222a\">\n<div class=\"wp-block-uagb-image aligncenter uagb-block-53e7c99a wp-block-uagb-image--layout-default wp-block-uagb-image--effect-static wp-block-uagb-image--align-center\"><figure class=\"wp-block-uagb-image__figure\"><img decoding=\"async\" srcset=\"https:\/\/remontylubliniec.pl\/wp-content\/uploads\/2023\/04\/10-1024x819.png \" src=\"https:\/\/remontylubliniec.pl\/wp-content\/uploads\/2023\/04\/10-1024x819.png\" alt=\"\" class=\"uag-image-634\" width=\"400\" height=\"286\" title=\"\" loading=\"lazy\"\/><\/figure><\/div>\n\n\n\n<div class=\"wp-block-uagb-info-box uagb-block-69eafa5a uagb-infobox__content-wrap  uagb-infobox-icon-above-title uagb-infobox-image-valign-top\">\n<div class=\"uagb-ifb-content\">\n<div class=\"uagb-ifb-title-wrap\">\n<h5 class=\"uagb-ifb-title\" style=\"text-align: center;\">Sucha zabudowa\u200b<\/h5>\n<\/div>\n<ul>\n<li>\u015bciany dzia\u0142owe<\/li>\n<li>sufity podwieszane<\/li>\n<li>zabudowa poddaszy<\/li>\n<li>p\u00f3\u0142ki LED<\/li>\n<li>izolacja we\u0142n\u0105 mineraln\u0105<\/li>\n<\/ul>\n<div class=\"uagb-ifb-button-wrapper wp-block-button\">\u00a0<\/div>\n<div>\u00a0<\/div>\n<\/div>\n<\/div>\n<\/div>\n\n\n\n<div class=\"wp-block-uagb-container uagb-block-2e506458\">\n<div class=\"wp-block-uagb-image aligncenter uagb-block-05891078 wp-block-uagb-image--layout-default wp-block-uagb-image--effect-static wp-block-uagb-image--align-center\"><figure class=\"wp-block-uagb-image__figure\"><img decoding=\"async\" srcset=\"https:\/\/remontylubliniec.pl\/wp-content\/uploads\/2023\/04\/4-1-1024x819.png \" src=\"https:\/\/remontylubliniec.pl\/wp-content\/uploads\/2023\/04\/4-1-1024x819.png\" alt=\"\" class=\"uag-image-642\" width=\"400\" height=\"80\" title=\"\" loading=\"lazy\"\/><\/figure><\/div>\n\n\n\n<div class=\"wp-block-uagb-info-box uagb-block-426ba8ef uagb-infobox__content-wrap  uagb-infobox-icon-above-title uagb-infobox-image-valign-top\">\n<div class=\"uagb-ifb-content\">\n<div class=\"uagb-ifb-title-wrap\">\n<h5 class=\"uagb-ifb-title\" style=\"text-align: center;\">Posadzki<\/h5>\n<ul>\n<li>monta\u017c pytek<\/li>\n<li>schody z p\u0142ytek<\/li>\n<li>monta\u017c paneli<\/li>\n<\/ul>\n<\/div>\n<div class=\"uagb-ifb-button-wrapper wp-block-button\">\u00a0<\/div>\n<\/div>\n<\/div>\n<\/div>\n\n\n\n<div class=\"wp-block-uagb-container uagb-block-6760b6db\">\n<div class=\"wp-block-uagb-image alignleft uagb-block-77307aab wp-block-uagb-image--layout-default wp-block-uagb-image--effect-static wp-block-uagb-image--align-left\"><figure class=\"wp-block-uagb-image__figure\"><img decoding=\"async\" srcset=\"https:\/\/remontylubliniec.pl\/wp-content\/uploads\/2023\/04\/9-2-1024x819.png \" src=\"https:\/\/remontylubliniec.pl\/wp-content\/uploads\/2023\/04\/9-2-1024x819.png\" alt=\"\" class=\"uag-image-643\" width=\"400\" height=\"268\" title=\"\" loading=\"lazy\"\/><\/figure><\/div>\n\n\n\n<div class=\"wp-block-uagb-info-box uagb-block-08e6c8c2 uagb-infobox__content-wrap  uagb-infobox-icon-above-title uagb-infobox-image-valign-top\">\n<div class=\"uagb-ifb-content\">\n<div class=\"uagb-ifb-title-wrap\">\n<h5 class=\"uagb-ifb-title\" style=\"text-align: center;\">\u015aciany<\/h5>\n<\/div>\n<ul>\n<li class=\"uagb-ifb-desc\">g\u0142adzie na \u015bcianach i sufitach<\/li>\n<li>malowanie<\/li>\n<li>tapetowanie<\/li>\n<\/ul>\n<div class=\"uagb-ifb-button-wrapper wp-block-button\">\u00a0<\/div>\n<\/div>\n<\/div>\n<\/div>\n\n\n\n<div class=\"wp-block-uagb-container uagb-block-e59dd6c4\">\n<div class=\"wp-block-uagb-image uagb-block-f294a4b0 wp-block-uagb-image--layout-default wp-block-uagb-image--effect-static wp-block-uagb-image--align-none\"><figure class=\"wp-block-uagb-image__figure\"><img decoding=\"async\" srcset=\"https:\/\/remontylubliniec.pl\/wp-content\/uploads\/2023\/04\/7-1024x819.png \" src=\"https:\/\/remontylubliniec.pl\/wp-content\/uploads\/2023\/04\/7-1024x819.png\" alt=\"\" class=\"uag-image-631\" width=\"400\" height=\"310\" title=\"\" loading=\"lazy\"\/><\/figure><\/div>\n\n\n\n<div class=\"wp-block-uagb-info-box uagb-block-f7ac98bb uagb-infobox__content-wrap  uagb-infobox-icon-above-title uagb-infobox-image-valign-top\">\n<div class=\"uagb-ifb-content\">\n<div class=\"uagb-ifb-title-wrap\">\n<h5 class=\"uagb-ifb-title\" style=\"text-align: center;\">\u0141azienki<\/h5>\n<\/div>\n<ul>\n<li class=\"uagb-ifb-desc\">kompleksowy remont \u0142azienki od A do Z wed\u0142ug projektu<\/li>\n<li>bia\u0142y monta\u017c<\/li>\n<li>drobne instalacje elektryczne<\/li>\n<\/ul>\n<div class=\"uagb-ifb-button-wrapper wp-block-button\">&nbsp;<\/div>\n<\/div>\n<\/div>\n<\/div>\n<\/div>\n<\/div><\/div>\n\n\n\n<div class=\"wp-block-uagb-container uagb-block-93a69465 alignfull uagb-is-root-container\"><div class=\"uagb-container-inner-blocks-wrap\">\n<div class=\"wp-block-uagb-image uagb-block-6feb7093 wp-block-uagb-image--layout-default wp-block-uagb-image--effect-static wp-block-uagb-image--align-none\"><figure class=\"wp-block-uagb-image__figure\"><img decoding=\"async\" srcset=\"https:\/\/remontylubliniec.pl\/wp-content\/uploads\/2020\/09\/graphic05-free-img-1024x42.png \" src=\"https:\/\/remontylubliniec.pl\/wp-content\/uploads\/2020\/09\/graphic05-free-img-1024x42.png\" alt=\"\" class=\"uag-image-81\" width=\"1024\" height=\"42\" title=\"\" loading=\"lazy\"\/><\/figure><\/div>\n<\/div><\/div>\n\n\n\n<div class=\"wp-block-uagb-container uagb-block-c9775d40 alignfull uagb-is-root-container\"><div class=\"uagb-container-inner-blocks-wrap\">\n<div class=\"wp-block-uagb-container uagb-block-5c80be20\">\n<div class=\"wp-block-uagb-image uagb-block-a50ab5a2 wp-block-uagb-image--layout-default wp-block-uagb-image--effect-static wp-block-uagb-image--align-none\"><figure class=\"wp-block-uagb-image__figure\"><img decoding=\"async\" srcset=\"https:\/\/remontylubliniec.pl\/wp-content\/uploads\/2023\/04\/13-1024x819.png \" src=\"https:\/\/remontylubliniec.pl\/wp-content\/uploads\/2023\/04\/13-1024x819.png\" alt=\"\" class=\"uag-image-637\" width=\"1024\" height=\"819\" title=\"\" loading=\"lazy\"\/><\/figure><\/div>\n<\/div>\n\n\n\n<div class=\"wp-block-uagb-container uagb-block-0a0d9e47\">\n<div class=\"wp-block-uagb-container uagb-block-438f75f0\">\n<div class=\"wp-block-uagb-advanced-heading uagb-block-1019080c\"><h2 class=\"uagb-heading-text\">Zadowoleni klienci<\/h2><p class=\"uagb-desc-text\">Zapoznaj si\u0119 z opiniami moich zadowolonych klient\u00f3w i przekonaj si\u0119, \u017ce Twoje pomieszczenia mog\u0105 by\u0107 jeszcze pi\u0119kniejsze i funkcjonalniejsze. Skontaktuj si\u0119 ze mn\u0105, aby dowiedzie\u0107 si\u0119 wi\u0119cej.<\/p><\/div>\n<\/div>\n\n\n\n<div class=\"wp-block-uagb-container uagb-block-a618da15\">\n<div class=\"wp-block-uagb-info-box uagb-block-8a4bea26 uagb-infobox__content-wrap  uagb-infobox-icon-above-title uagb-infobox-image-valign-top\"><div class=\"uagb-ifb-content\"><div class=\"uagb-ifb-title-wrap\"><span class=\"uagb-ifb-title-prefix\">&#8222;Jestem bardzo zadowolona z pracy, kt\u00f3r\u0105 wykona\u0142 Pan Grzegorz. Przeprowadzi\u0142 remont mojego mieszkania. Ca\u0142y proces odby\u0142 si\u0119 w spos\u00f3b bardzo profesjonalny i zgodny z moimi oczekiwaniami.<br>By\u0142 bardzo dok\u0142adny i skrupulatny podczas pracy, a tak\u017ce wykaza\u0142 si\u0119 du\u017c\u0105 wiedz\u0105 i do\u015bwiadczeniem w swoim fachu. Zawsze by\u0142 ch\u0119tny do udzielania porad i odpowiedzi na moje pytania, co by\u0142o dla mnie bardzo pomocne.<br>Bez problemu radzi\u0142 sobie z ka\u017cdym zadaniem, a jego praca by\u0142a zawsze wykonana z najwy\u017csz\u0105 staranno\u015bci\u0105 i precyzj\u0105.<br>By\u0142 r\u00f3wnie\u017c bardzo punktualny i zawsze dotrzymywa\u0142 ustalonych termin\u00f3w.<br>Jestem bardzo zadowolona z efekt\u00f3w jego pracy, moje mieszkanie wygl\u0105da teraz pi\u0119knie i funkcjonalnie. Gor\u0105co polecam ka\u017cdemu, kto szuka solidnego i do\u015bwiadczonego specjalisty do przeprowadzenia remontu w swoim domu lub mieszkaniu.&#8221;\u200b<\/span><p class=\"uagb-ifb-title\">Joanna <\/p><\/div><p class=\"uagb-ifb-desc\">Lubliniec<\/p><\/div><\/div>\n<\/div>\n\n\n\n<div class=\"wp-block-uagb-container uagb-block-d86cccf6\">\n<div class=\"wp-block-uagb-info-box uagb-block-3ba0ea99 uagb-infobox__content-wrap  uagb-infobox-icon-above-title uagb-infobox-image-valign-top\"><div class=\"uagb-ifb-content\"><div class=\"uagb-ifb-title-wrap\"><span class=\"uagb-ifb-title-prefix\">&#8222;Polecam. Szybko, sprawnie i bardzo estetycznie wyko\u0144czone wn\u0119trze.&nbsp;&#8222;\u200b<\/span><p class=\"uagb-ifb-title\">Kamil<\/p><\/div><p class=\"uagb-ifb-desc\">Lubliniec<br><\/p><\/div><\/div>\n<\/div>\n<\/div>\n<\/div><\/div>\n","protected":false},"excerpt":{"rendered":"<p>Grzegorz Kniejski Zadzwo\u0144 teraz +48 667 059 334 O mnie Remonty to moja pasja Od ponad 15 lat zajmuj\u0119 si\u0119 remontami i wyko\u0144czeniami wn\u0119trz, co sprawia, \u017ce mam to we krwi. Wsp\u00f3\u0142pracuj\u0119 wieloma z fachowcami od prac wyko\u0144czeniowych, hydrauliki oraz budownictwa stanu surowego, kt\u00f3rzy s\u0105 gotowi wesprze\u0107 mnie w ka\u017cdym momencie. Wykona\u0142em ju\u017c dziesi\u0105tki projekt\u00f3w, [&hellip;]<\/p>\n","protected":false},"author":1,"featured_media":0,"parent":0,"menu_order":0,"comment_status":"closed","ping_status":"closed","template":"","meta":{"_uag_custom_page_level_css":"","site-sidebar-layout":"no-sidebar","site-content-layout":"plain-container","ast-site-content-layout":"default","site-content-style":"default","site-sidebar-style":"default","ast-global-header-display":"","ast-banner-title-visibility":"","ast-main-header-display":"","ast-hfb-above-header-display":"","ast-hfb-below-header-display":"","ast-hfb-mobile-header-display":"","site-post-title":"disabled","ast-breadcrumbs-content":"","ast-featured-img":"","footer-sml-layout":"","ast-disable-related-posts":"","theme-transparent-header-meta":"enabled","adv-header-id-meta":"","stick-header-meta":"","header-above-stick-meta":"","header-main-stick-meta":"","header-below-stick-meta":"","astra-migrate-meta-layouts":"default","ast-page-background-enabled":"default","ast-page-background-meta":{"desktop":{"background-color":"","background-image":"","background-repeat":"repeat","background-position":"center center","background-size":"auto","background-attachment":"scroll","background-type":"","background-media":"","overlay-type":"","overlay-color":"","overlay-opacity":"","overlay-gradient":""},"tablet":{"background-color":"","background-image":"","background-repeat":"repeat","background-position":"center center","background-size":"auto","background-attachment":"scroll","background-type":"","background-media":"","overlay-type":"","overlay-color":"","overlay-opacity":"","overlay-gradient":""},"mobile":{"background-color":"","background-image":"","background-repeat":"repeat","background-position":"center center","background-size":"auto","background-attachment":"scroll","background-type":"","background-media":"","overlay-type":"","overlay-color":"","overlay-opacity":"","overlay-gradient":""}},"ast-content-background-meta":{"desktop":{"background-color":"var(--ast-global-color-5)","background-image":"","background-repeat":"repeat","background-position":"center center","background-size":"auto","background-attachment":"scroll","background-type":"","background-media":"","overlay-type":"","overlay-color":"","overlay-opacity":"","overlay-gradient":""},"tablet":{"background-color":"var(--ast-global-color-5)","background-image":"","background-repeat":"repeat","background-position":"center center","background-size":"auto","background-attachment":"scroll","background-type":"","background-media":"","overlay-type":"","overlay-color":"","overlay-opacity":"","overlay-gradient":""},"mobile":{"background-color":"var(--ast-global-color-5)","background-image":"","background-repeat":"repeat","background-position":"center center","background-size":"auto","background-attachment":"scroll","background-type":"","background-media":"","overlay-type":"","overlay-color":"","overlay-opacity":"","overlay-gradient":""}},"footnotes":""},"class_list":["post-597","page","type-page","status-publish","hentry"],"uagb_featured_image_src":{"full":false,"thumbnail":false,"medium":false,"medium_large":false,"large":false,"1536x1536":false,"2048x2048":false},"uagb_author_info":{"display_name":"admin","author_link":"https:\/\/remontylubliniec.pl\/?author=1"},"uagb_comment_info":0,"uagb_excerpt":"Grzegorz Kniejski Zadzwo\u0144 teraz +48 667 059 334 O mnie Remonty to moja pasja Od ponad 15 lat zajmuj\u0119 si\u0119 remontami i wyko\u0144czeniami wn\u0119trz, co sprawia, \u017ce mam to we krwi. Wsp\u00f3\u0142pracuj\u0119 wieloma z fachowcami od prac wyko\u0144czeniowych, hydrauliki oraz budownictwa stanu surowego, kt\u00f3rzy s\u0105 gotowi wesprze\u0107 mnie w ka\u017cdym momencie. Wykona\u0142em ju\u017c dziesi\u0105tki projekt\u00f3w,&hellip;","_links":{"self":[{"href":"https:\/\/remontylubliniec.pl\/index.php?rest_route=\/wp\/v2\/pages\/597","targetHints":{"allow":["GET"]}}],"collection":[{"href":"https:\/\/remontylubliniec.pl\/index.php?rest_route=\/wp\/v2\/pages"}],"about":[{"href":"https:\/\/remontylubliniec.pl\/index.php?rest_route=\/wp\/v2\/types\/page"}],"author":[{"embeddable":true,"href":"https:\/\/remontylubliniec.pl\/index.php?rest_route=\/wp\/v2\/users\/1"}],"replies":[{"embeddable":true,"href":"https:\/\/remontylubliniec.pl\/index.php?rest_route=%2Fwp%2Fv2%2Fcomments&post=597"}],"version-history":[{"count":35,"href":"https:\/\/remontylubliniec.pl\/index.php?rest_route=\/wp\/v2\/pages\/597\/revisions"}],"predecessor-version":[{"id":978,"href":"https:\/\/remontylubliniec.pl\/index.php?rest_route=\/wp\/v2\/pages\/597\/revisions\/978"}],"wp:attachment":[{"href":"https:\/\/remontylubliniec.pl\/index.php?rest_route=%2Fwp%2Fv2%2Fmedia&parent=597"}],"curies":[{"name":"wp","href":"https:\/\/api.w.org\/{rel}","templated":true}]}}